{"id":1402,"date":"2026-02-25T18:49:33","date_gmt":"2026-02-25T18:49:33","guid":{"rendered":"https:\/\/cheapelementorpro.com\/product\/licencia-de-elementor-pro\/"},"modified":"2026-03-31T17:23:23","modified_gmt":"2026-03-31T17:23:23","slug":"licencia-de-elementor-pro","status":"publish","type":"product","link":"https:\/\/cheapelementorpro.com\/es\/producto\/licencia-de-elementor-pro\/","title":{"rendered":"Licencia de elementor Pro"},"content":{"rendered":"<p>Al adquirir una licencia de Elementor Pro, obtendr\u00e1 la descarga del plugin 100% original sin ninguna modificaci\u00f3n.<\/p>\n<p>Incluye todos los widgets PRO y<strong> acceso a plantillas<\/strong>, secciones, el creador de temas, la biblioteca de Elementor&#8230;<\/p>\n<p>Una vez que hayas descargado e instalado el plugin, nos pondremos en contacto contigo para activar tu licencia original y que puedas disfrutar de Elementor Pro al 100%.<\/p>\n<p><a href=\"https:\/\/elementorprobarato.com\/en\/contacta-con-elementor-pro-barato\/\">Necesitas mas lic<\/a> | <a href=\"https:\/\/elementor.com\/pricing-plugin\/\">See prices on elementor.com<\/a><\/p>\n<h2><strong>Elementor Pro: dise\u00f1o profesional a un precio asequible.<\/strong><\/h2>\n<p>\u00bfBusca una forma profesional, r\u00e1pida y econ\u00f3mica de dise\u00f1ar su sitio web de WordPress? En cheapelementorpro.com, ofrecemos Elementor Pro econ\u00f3mico (1 licencia), totalmente oficial y actualizable directamente desde tu panel de WordPress, sin riesgos ni complicaciones.<\/p>\n<h3><strong>El mejor constructor visual para WordPress<\/strong><\/h3>\n<p>Elementor Pro es el plugin de dise\u00f1o visual m\u00e1s potente del mercado. Gracias a su editor en tiempo real, puedes crear sitios web atractivos, profesionales y totalmente personalizados sin escribir una sola l\u00ednea de c\u00f3digo. It includes over 90 advanced widgets, responsive design, pop-ups, sliders, forms, animated effects, and premium templates to save time and boost your creativity.<\/p>\n<p>Whether you\u2019re a designer, entrepreneur, or small business owner, Elementor Pro gives you full control over your website.<\/p>\n<h3><strong>Why buy cheap Elementor Pro (1 license) at ElementorProBarato.com?<\/strong><\/h3>\n<ul>\n<li><strong>100% official license, no nulled or pirated versions<\/strong><\/li>\n<li><strong>Automatic updates directly from WordPress<\/strong><\/li>\n<li><strong>Full compatibility with popular themes and plugins<\/strong><\/li>\n<li><strong>Ideal for a professional website at a low cost<\/strong><\/li>\n<li><strong>Installation support and functionality guarantee<\/strong><\/li>\n<li><strong>Free gift of more than 70 professional template kits<\/strong><\/li>\n<\/ul>\n<p>With this option, you get access to all Elementor premium features at an affordable and legal price\u2014perfect if you only need to activate 1 domain, although we offer <a href=\"https:\/\/elementorprobarato.com\/en\/elementor-pro-a-un-precio-increible\/\"><strong>more options<\/strong><\/a> if you need additional licenses.<\/p>\n<p>\ud83d\udc49 <strong>Buy cheap Elementor Pro (1 license) at ElementorProBarato.com<\/strong> and start designing your website like a professional today, without overspending.<\/p>\n","protected":false},"excerpt":{"rendered":"<p>El plugin Elementor Pro original con licencia para tu p\u00e1gina de WordPress.<\/p>\n<p>NO es GPL. Disfruta de Elementor Pro con la licencia original, que <strong>incluye una clave de licencia de desarrollador<\/strong>. Es completamente legal y recibe actualizaciones desde tu panel de administraci\u00f3n.<\/p>\n","protected":false},"featured_media":1394,"template":"","meta":{"_acf_changed":false},"product_brand":[],"product_cat":[45],"product_tag":[],"class_list":{"0":"post-1402","1":"product","2":"type-product","3":"status-publish","4":"has-post-thumbnail","6":"product_cat-sin-categorizar","8":"first","9":"instock","10":"downloadable","11":"virtual","12":"taxable","13":"purchasable","14":"product-type-subscription"},"acf":[],"yoast_head":"<!-- This site is optimized with the Yoast SEO plugin v27.4 - https:\/\/yoast.com\/product\/yoast-seo-wordpress\/ -->\n<title>Licencia de elementor Pro - Cheap elementor Pro<\/title>\n<meta name=\"robots\" content=\"noindex, follow, max-snippet:-1, max-image-preview:large, max-video-preview:-1\" \/>\n<meta property=\"og:locale\" content=\"es_ES\" \/>\n<meta property=\"og:type\" content=\"article\" \/>\n<meta property=\"og:title\" content=\"Licencia de elementor Pro - Cheap elementor Pro\" \/>\n<meta property=\"og:description\" content=\"El plugin Elementor Pro original con licencia para tu p\u00e1gina de WordPress.  NO es GPL. Disfruta de Elementor Pro con la licencia original, que incluye una clave de licencia de desarrollador. Es completamente legal y recibe actualizaciones desde tu panel de administraci\u00f3n.\" \/>\n<meta property=\"og:url\" content=\"https:\/\/cheapelementorpro.com\/es\/producto\/licencia-de-elementor-pro\/\" \/>\n<meta property=\"og:site_name\" content=\"Cheap elementor Pro\" \/>\n<meta property=\"article:modified_time\" content=\"2026-03-31T17:23:23+00:00\" \/>\n<meta property=\"og:image\" content=\"https:\/\/cheapelementorpro.com\/wp-content\/uploads\/2026\/02\/EN-elementor-pro-600.png\" \/>\n\t<meta property=\"og:image:width\" content=\"600\" \/>\n\t<meta property=\"og:image:height\" content=\"600\" \/>\n\t<meta property=\"og:image:type\" content=\"image\/png\" \/>\n<meta name=\"twitter:card\" content=\"summary_large_image\" \/>\n<meta name=\"twitter:label1\" content=\"Tiempo de lectura\" \/>\n\t<meta name=\"twitter:data1\" content=\"2 minutos\" \/>\n<script type=\"application\/ld+json\" class=\"yoast-schema-graph\">{\"@context\":\"https:\\\/\\\/schema.org\",\"@graph\":[{\"@type\":\"WebPage\",\"@id\":\"https:\\\/\\\/cheapelementorpro.com\\\/es\\\/producto\\\/licencia-de-elementor-pro\\\/\",\"url\":\"https:\\\/\\\/cheapelementorpro.com\\\/es\\\/producto\\\/licencia-de-elementor-pro\\\/\",\"name\":\"Licencia de elementor Pro - Cheap elementor Pro\",\"isPartOf\":{\"@id\":\"https:\\\/\\\/cheapelementorpro.com\\\/es\\\/#website\"},\"primaryImageOfPage\":{\"@id\":\"https:\\\/\\\/cheapelementorpro.com\\\/es\\\/producto\\\/licencia-de-elementor-pro\\\/#primaryimage\"},\"image\":{\"@id\":\"https:\\\/\\\/cheapelementorpro.com\\\/es\\\/producto\\\/licencia-de-elementor-pro\\\/#primaryimage\"},\"thumbnailUrl\":\"https:\\\/\\\/cheapelementorpro.com\\\/wp-content\\\/uploads\\\/2026\\\/02\\\/EN-elementor-pro-600.png\",\"datePublished\":\"2026-02-25T18:49:33+00:00\",\"dateModified\":\"2026-03-31T17:23:23+00:00\",\"breadcrumb\":{\"@id\":\"https:\\\/\\\/cheapelementorpro.com\\\/es\\\/producto\\\/licencia-de-elementor-pro\\\/#breadcrumb\"},\"inLanguage\":\"es\",\"potentialAction\":[{\"@type\":\"ReadAction\",\"target\":[\"https:\\\/\\\/cheapelementorpro.com\\\/es\\\/producto\\\/licencia-de-elementor-pro\\\/\"]}]},{\"@type\":\"ImageObject\",\"inLanguage\":\"es\",\"@id\":\"https:\\\/\\\/cheapelementorpro.com\\\/es\\\/producto\\\/licencia-de-elementor-pro\\\/#primaryimage\",\"url\":\"https:\\\/\\\/cheapelementorpro.com\\\/wp-content\\\/uploads\\\/2026\\\/02\\\/EN-elementor-pro-600.png\",\"contentUrl\":\"https:\\\/\\\/cheapelementorpro.com\\\/wp-content\\\/uploads\\\/2026\\\/02\\\/EN-elementor-pro-600.png\",\"width\":600,\"height\":600},{\"@type\":\"BreadcrumbList\",\"@id\":\"https:\\\/\\\/cheapelementorpro.com\\\/es\\\/producto\\\/licencia-de-elementor-pro\\\/#breadcrumb\",\"itemListElement\":[{\"@type\":\"ListItem\",\"position\":1,\"name\":\"Home\",\"item\":\"https:\\\/\\\/cheapelementorpro.com\\\/es\\\/cheap-elementor-pro\\\/\"},{\"@type\":\"ListItem\",\"position\":2,\"name\":\"Tienda\",\"item\":\"https:\\\/\\\/cheapelementorpro.com\\\/es\\\/tienda\\\/\"},{\"@type\":\"ListItem\",\"position\":3,\"name\":\"Licencia de elementor Pro\"}]},{\"@type\":\"WebSite\",\"@id\":\"https:\\\/\\\/cheapelementorpro.com\\\/es\\\/#website\",\"url\":\"https:\\\/\\\/cheapelementorpro.com\\\/es\\\/\",\"name\":\"Cheap elementor Pro\",\"description\":\"Elementor Pro officially licensed 90% off\",\"publisher\":{\"@id\":\"https:\\\/\\\/cheapelementorpro.com\\\/es\\\/#organization\"},\"potentialAction\":[{\"@type\":\"SearchAction\",\"target\":{\"@type\":\"EntryPoint\",\"urlTemplate\":\"https:\\\/\\\/cheapelementorpro.com\\\/es\\\/?s={search_term_string}\"},\"query-input\":{\"@type\":\"PropertyValueSpecification\",\"valueRequired\":true,\"valueName\":\"search_term_string\"}}],\"inLanguage\":\"es\"},{\"@type\":\"Organization\",\"@id\":\"https:\\\/\\\/cheapelementorpro.com\\\/es\\\/#organization\",\"name\":\"Cheap elementor Pro\",\"url\":\"https:\\\/\\\/cheapelementorpro.com\\\/es\\\/\",\"logo\":{\"@type\":\"ImageObject\",\"inLanguage\":\"es\",\"@id\":\"https:\\\/\\\/cheapelementorpro.com\\\/es\\\/#\\\/schema\\\/logo\\\/image\\\/\",\"url\":\"https:\\\/\\\/cheapelementorpro.com\\\/wp-content\\\/uploads\\\/2026\\\/02\\\/Elementor-Logo-nuevo-mini.png\",\"contentUrl\":\"https:\\\/\\\/cheapelementorpro.com\\\/wp-content\\\/uploads\\\/2026\\\/02\\\/Elementor-Logo-nuevo-mini.png\",\"width\":80,\"height\":80,\"caption\":\"Cheap elementor Pro\"},\"image\":{\"@id\":\"https:\\\/\\\/cheapelementorpro.com\\\/es\\\/#\\\/schema\\\/logo\\\/image\\\/\"}}]}<\/script>\n<!-- \/ Yoast SEO plugin. -->","yoast_head_json":{"title":"Licencia de elementor Pro - Cheap elementor Pro","robots":{"index":"noindex","follow":"follow","max-snippet":"max-snippet:-1","max-image-preview":"max-image-preview:large","max-video-preview":"max-video-preview:-1"},"og_locale":"es_ES","og_type":"article","og_title":"Licencia de elementor Pro - Cheap elementor Pro","og_description":"El plugin Elementor Pro original con licencia para tu p\u00e1gina de WordPress.  NO es GPL. Disfruta de Elementor Pro con la licencia original, que incluye una clave de licencia de desarrollador. Es completamente legal y recibe actualizaciones desde tu panel de administraci\u00f3n.","og_url":"https:\/\/cheapelementorpro.com\/es\/producto\/licencia-de-elementor-pro\/","og_site_name":"Cheap elementor Pro","article_modified_time":"2026-03-31T17:23:23+00:00","og_image":[{"width":600,"height":600,"url":"https:\/\/cheapelementorpro.com\/wp-content\/uploads\/2026\/02\/EN-elementor-pro-600.png","type":"image\/png"}],"twitter_card":"summary_large_image","twitter_misc":{"Tiempo de lectura":"2 minutos"},"schema":{"@context":"https:\/\/schema.org","@graph":[{"@type":"WebPage","@id":"https:\/\/cheapelementorpro.com\/es\/producto\/licencia-de-elementor-pro\/","url":"https:\/\/cheapelementorpro.com\/es\/producto\/licencia-de-elementor-pro\/","name":"Licencia de elementor Pro - Cheap elementor Pro","isPartOf":{"@id":"https:\/\/cheapelementorpro.com\/es\/#website"},"primaryImageOfPage":{"@id":"https:\/\/cheapelementorpro.com\/es\/producto\/licencia-de-elementor-pro\/#primaryimage"},"image":{"@id":"https:\/\/cheapelementorpro.com\/es\/producto\/licencia-de-elementor-pro\/#primaryimage"},"thumbnailUrl":"https:\/\/cheapelementorpro.com\/wp-content\/uploads\/2026\/02\/EN-elementor-pro-600.png","datePublished":"2026-02-25T18:49:33+00:00","dateModified":"2026-03-31T17:23:23+00:00","breadcrumb":{"@id":"https:\/\/cheapelementorpro.com\/es\/producto\/licencia-de-elementor-pro\/#breadcrumb"},"inLanguage":"es","potentialAction":[{"@type":"ReadAction","target":["https:\/\/cheapelementorpro.com\/es\/producto\/licencia-de-elementor-pro\/"]}]},{"@type":"ImageObject","inLanguage":"es","@id":"https:\/\/cheapelementorpro.com\/es\/producto\/licencia-de-elementor-pro\/#primaryimage","url":"https:\/\/cheapelementorpro.com\/wp-content\/uploads\/2026\/02\/EN-elementor-pro-600.png","contentUrl":"https:\/\/cheapelementorpro.com\/wp-content\/uploads\/2026\/02\/EN-elementor-pro-600.png","width":600,"height":600},{"@type":"BreadcrumbList","@id":"https:\/\/cheapelementorpro.com\/es\/producto\/licencia-de-elementor-pro\/#breadcrumb","itemListElement":[{"@type":"ListItem","position":1,"name":"Home","item":"https:\/\/cheapelementorpro.com\/es\/cheap-elementor-pro\/"},{"@type":"ListItem","position":2,"name":"Tienda","item":"https:\/\/cheapelementorpro.com\/es\/tienda\/"},{"@type":"ListItem","position":3,"name":"Licencia de elementor Pro"}]},{"@type":"WebSite","@id":"https:\/\/cheapelementorpro.com\/es\/#website","url":"https:\/\/cheapelementorpro.com\/es\/","name":"Cheap elementor Pro","description":"Elementor Pro officially licensed 90% off","publisher":{"@id":"https:\/\/cheapelementorpro.com\/es\/#organization"},"potentialAction":[{"@type":"SearchAction","target":{"@type":"EntryPoint","urlTemplate":"https:\/\/cheapelementorpro.com\/es\/?s={search_term_string}"},"query-input":{"@type":"PropertyValueSpecification","valueRequired":true,"valueName":"search_term_string"}}],"inLanguage":"es"},{"@type":"Organization","@id":"https:\/\/cheapelementorpro.com\/es\/#organization","name":"Cheap elementor Pro","url":"https:\/\/cheapelementorpro.com\/es\/","logo":{"@type":"ImageObject","inLanguage":"es","@id":"https:\/\/cheapelementorpro.com\/es\/#\/schema\/logo\/image\/","url":"https:\/\/cheapelementorpro.com\/wp-content\/uploads\/2026\/02\/Elementor-Logo-nuevo-mini.png","contentUrl":"https:\/\/cheapelementorpro.com\/wp-content\/uploads\/2026\/02\/Elementor-Logo-nuevo-mini.png","width":80,"height":80,"caption":"Cheap elementor Pro"},"image":{"@id":"https:\/\/cheapelementorpro.com\/es\/#\/schema\/logo\/image\/"}}]}},"tiered_pricing_type":"fixed","tiered_pricing_fixed_rules":{"2":11,"3":10,"5":9},"tiered_pricing_product_settings":{"layout":"default","base_unit_name":{"singular":null,"plural":null},"default_variation":null},"tiered_pricing_minimum_quantity":null,"tiered_pricing_roles_data":[],"tiered_pricing_percentage_rules":[],"_links":{"self":[{"href":"https:\/\/cheapelementorpro.com\/es\/wp-json\/wp\/v2\/product\/1402","targetHints":{"allow":["GET"]}}],"collection":[{"href":"https:\/\/cheapelementorpro.com\/es\/wp-json\/wp\/v2\/product"}],"about":[{"href":"https:\/\/cheapelementorpro.com\/es\/wp-json\/wp\/v2\/types\/product"}],"wp:featuredmedia":[{"embeddable":true,"href":"https:\/\/cheapelementorpro.com\/es\/wp-json\/wp\/v2\/media\/1394"}],"wp:attachment":[{"href":"https:\/\/cheapelementorpro.com\/es\/wp-json\/wp\/v2\/media?parent=1402"}],"wp:term":[{"taxonomy":"product_brand","embeddable":true,"href":"https:\/\/cheapelementorpro.com\/es\/wp-json\/wp\/v2\/product_brand?post=1402"},{"taxonomy":"product_cat","embeddable":true,"href":"https:\/\/cheapelementorpro.com\/es\/wp-json\/wp\/v2\/product_cat?post=1402"},{"taxonomy":"product_tag","embeddable":true,"href":"https:\/\/cheapelementorpro.com\/es\/wp-json\/wp\/v2\/product_tag?post=1402"}],"curies":[{"name":"wp","href":"https:\/\/api.w.org\/{rel}","templated":true}]}}